{"id":839,"date":"2025-02-14T17:05:14","date_gmt":"2025-02-14T17:05:14","guid":{"rendered":"https:\/\/bryagroup.de\/fr\/?page_id=839"},"modified":"2025-04-02T07:54:28","modified_gmt":"2025-04-02T07:54:28","slug":"ouvrir-la-voie-sadapter-a-lavenir-en-combinant-resilience-et-precision","status":"publish","type":"page","link":"https:\/\/bryagroup.de\/fr\/ouvrir-la-voie-sadapter-a-lavenir-en-combinant-resilience-et-precision\/","title":{"rendered":"Ouvrir la voie : S&#8217;adapter \u00e0 l&#8217;avenir en combinant r\u00e9silience et pr\u00e9cision"},"content":{"rendered":"\t\t<div data-elementor-type=\"wp-page\" data-elementor-id=\"839\" class=\"elementor elementor-839\">\n\t\t\t\t<div class=\"elementor-element elementor-element-4f3e2ca e-con-full e-flex e-con e-parent\" data-id=\"4f3e2ca\" data-element_type=\"container\" data-e-type=\"container\">\n\t\t<div class=\"elementor-element elementor-element-fd8a680 e-con-full e-flex e-con e-child\" data-id=\"fd8a680\" data-element_type=\"container\" data-e-type=\"container\">\n\t\t\t\t<div class=\"elementor-element elementor-element-f9dd609 elementor-widget elementor-widget-gva_post_breadcrumb\" data-id=\"f9dd609\" data-element_type=\"widget\" data-e-type=\"widget\" data-widget_type=\"gva_post_breadcrumb.default\">\n\t\t\t\t<div class=\"elementor-widget-container\">\n\t\t\t\t\t<div class=\"gva-element-gva_post_breadcrumb gva-element\">   \r\n<div class=\"post-breadcrumb\">\r\n   <div class=\"custom-breadcrumb \" >\r\n            <div class=\"breadcrumb-main\">\r\n        <div class=\"container\">\r\n          <div class=\"breadcrumb-container-inner align-center\">\r\n            <h2 class=\"heading-title\">Ouvrir la voie : S\u2019adapter \u00e0 l\u2019avenir en combinant r\u00e9silience et pr\u00e9cision<\/h2>          <\/div>  \r\n        <\/div>   \r\n      <\/div>  \r\n   <\/div>\r\n<\/div>      \r\n\r\n<\/div>\t\t\t\t<\/div>\n\t\t\t\t<\/div>\n\t\t\t\t<\/div>\n\t\t\t\t<\/div>\n\t\t<div class=\"elementor-element elementor-element-3cf5fdd e-flex e-con-boxed e-con e-parent\" data-id=\"3cf5fdd\" data-element_type=\"container\" data-e-type=\"container\">\n\t\t\t\t\t<div class=\"e-con-inner\">\n\t\t<div class=\"elementor-element elementor-element-171fb6d e-con-full e-flex e-con e-child\" data-id=\"171fb6d\" data-element_type=\"container\" data-e-type=\"container\">\n\t\t\t\t<div class=\"elementor-element elementor-element-4e4c163 elementor-widget elementor-widget-text-editor\" data-id=\"4e4c163\" data-element_type=\"widget\" data-e-type=\"widget\" data-widget_type=\"text-editor.default\">\n\t\t\t\t<div class=\"elementor-widget-container\">\n\t\t\t\t\t\t\t\t\t<p><span style=\"color: #000000;\">Dans un monde marqu\u00e9 par l&#8217;incertitude et les changements rapides, la capacit\u00e9 d&#8217;adaptation est devenue un trait caract\u00e9ristique des individus et des organisations. L&#8217;avenir n&#8217;est jamais statique ; c&#8217;est un paysage en \u00e9volution, fa\u00e7onn\u00e9 par les progr\u00e8s technologiques, les changements \u00e9conomiques et les transformations sociales. Pour naviguer avec succ\u00e8s dans cet avenir, la r\u00e9silience et la pr\u00e9cision sont deux qualit\u00e9s fondamentales qui doivent \u00eatre int\u00e9gr\u00e9es dans la structure de notre approche. Ensemble, elles constituent la base du progr\u00e8s qui nous permet de relever les d\u00e9fis tout en veillant \u00e0 ce que chaque \u00e9tape que nous franchissons soit r\u00e9fl\u00e9chie et mesur\u00e9e afin d&#8217;avoir un impact.<\/span><\/p><h4><span style=\"color: #000000;\">L&#8217;importance de la r\u00e9silience dans un monde impr\u00e9visible<\/span><\/h4><p><span style=\"color: #000000;\">La r\u00e9silience est la capacit\u00e9 \u00e0 se remettre rapidement des difficult\u00e9s, \u00e0 rebondir face \u00e0 l&#8217;adversit\u00e9 et \u00e0 maintenir l&#8217;envie d&#8217;aller de l&#8217;avant malgr\u00e9 les revers. C&#8217;est une qualit\u00e9 qui a \u00e9t\u00e9 observ\u00e9e \u00e0 maintes reprises chez les individus, les communaut\u00e9s et les organisations au cours de l&#8217;histoire, en particulier en temps de crise. La capacit\u00e9 \u00e0 supporter les d\u00e9fis, \u00e0 s&#8217;adapter et finalement \u00e0 prosp\u00e9rer est ce qui distingue les entit\u00e9s qui r\u00e9ussissent de celles qui \u00e9chouent.<\/span><\/p><p><span style=\"color: #000000;\">Dans le monde moderne, la r\u00e9silience est essentielle, car le rythme du changement n&#8217;a jamais \u00e9t\u00e9 aussi \u00e9lev\u00e9. Des \u00e9v\u00e9nements mondiaux tels que les r\u00e9cessions \u00e9conomiques, les perturbations technologiques et les catastrophes naturelles ont montr\u00e9 \u00e0 quel point les syst\u00e8mes peuvent \u00eatre vuln\u00e9rables. Toutefois, les personnes et les organisations r\u00e9silientes ne se contentent pas de subir ces chocs, elles en tirent des enseignements et en sortent renforc\u00e9es. La r\u00e9silience, c&#8217;est \u00eatre capable de transformer les d\u00e9fis en opportunit\u00e9s, d&#8217;innover face \u00e0 l&#8217;adversit\u00e9 et de garder un objectif, m\u00eame si le chemin ne semble pas clair.<\/span><\/p><p><span style=\"color: #000000;\">Au final, la r\u00e9silience est une question de capacit\u00e9 d&#8217;adaptation. C&#8217;est la capacit\u00e9 \u00e0 changer de cap si n\u00e9cessaire, \u00e0 r\u00e9inventer des strat\u00e9gies et \u00e0 trouver de nouvelles solutions aux anciens probl\u00e8mes. Cette qualit\u00e9 est particuli\u00e8rement importante pour les r\u00e9gions et les entreprises qui souhaitent assurer leur avenir dans une \u00e9conomie mondiale en constante \u00e9volution. La r\u00e9silience permet aux entreprises et aux nations de se retourner lorsque les circonstances l&#8217;exigent, que ce soit en r\u00e9ponse aux changements \u00e9conomiques, aux perc\u00e9es technologiques ou aux bouleversements sociaux.<\/span><\/p><h4><span style=\"color: #000000;\">Le r\u00f4le de la pr\u00e9cision dans la construction de l&#8217;avenir<\/span><\/h4><p><span style=\"color: #000000;\">Alors que la r\u00e9silience nous aide \u00e0 surmonter les difficult\u00e9s, la pr\u00e9cision garantit que nos actions sont cibl\u00e9es et efficaces. Dans le contexte de l&#8217;\u00e9conomie, de l&#8217;industrie ou de la gouvernance, la pr\u00e9cision fait r\u00e9f\u00e9rence \u00e0 la capacit\u00e9 de planifier, d&#8217;ex\u00e9cuter et de mesurer les progr\u00e8s avec pr\u00e9cision et souci du d\u00e9tail. Il s&#8217;agit de fixer des objectifs clairs, de mettre en \u0153uvre des strat\u00e9gies avec discipline et de se concentrer sur les r\u00e9sultats souhait\u00e9s.<\/span><\/p><p><span style=\"color: #000000;\">La pr\u00e9cision est particuli\u00e8rement importante dans un environnement o\u00f9 les ressources sont limit\u00e9es et o\u00f9 la concurrence est rude. Face aux d\u00e9fis mondiaux, une prise de d\u00e9cision pr\u00e9cise permet d&#8217;utiliser les ressources plus efficacement, d&#8217;optimiser les processus et d&#8217;obtenir de meilleurs r\u00e9sultats. Par exemple, dans des secteurs tels que la technologie, l&#8217;ing\u00e9nierie et les soins de sant\u00e9, la pr\u00e9cision dans la planification, l&#8217;ex\u00e9cution et la livraison peut faire la diff\u00e9rence entre le succ\u00e8s et l&#8217;\u00e9chec.<\/span><\/p><p><span style=\"color: #000000;\">La pr\u00e9cision implique \u00e9galement la capacit\u00e9 d&#8217;anticiper et de planifier. L&#8217;avenir est par nature incertain, mais la pr\u00e9cision permet d&#8217;anticiper les changements, de fixer des objectifs clairs et d&#8217;\u00e9laborer des strat\u00e9gies pour les atteindre. Cela implique de prendre des d\u00e9cisions bas\u00e9es sur des donn\u00e9es, de g\u00e9rer efficacement les risques et de s&#8217;assurer que chaque \u00e9tape franchie s&#8217;inscrit dans une vision plus large.<\/span><\/p><h4><span style=\"color: #000000;\">La synergie entre la r\u00e9silience et la pr\u00e9cision<\/span><\/h4><p><span style=\"color: #000000;\">Bien que la r\u00e9silience et la pr\u00e9cision soient toutes deux essentielles, c&#8217;est la synergie entre les deux qui lib\u00e8re le v\u00e9ritable potentiel. La r\u00e9silience sans la pr\u00e9cision peut conduire \u00e0 des efforts sans but, dans lesquels les organisations et les individus peuvent s&#8217;adapter mais n&#8217;ont pas de direction ou d&#8217;objectif clair. Inversement, la pr\u00e9cision sans la r\u00e9silience peut conduire \u00e0 la rigidit\u00e9, o\u00f9 les strat\u00e9gies sont ex\u00e9cut\u00e9es \u00e0 la perfection, mais o\u00f9 l&#8217;incapacit\u00e9 \u00e0 s&#8217;adapter aux nouvelles circonstances peut les rendre obsol\u00e8tes.<\/span><\/p><p><span style=\"color: #000000;\">Les personnes, les organisations et les nations les plus performantes sont celles qui comprennent l&#8217;\u00e9quilibre d\u00e9licat entre les deux. Ils sont suffisamment r\u00e9silients pour faire face aux d\u00e9fis, mais aussi suffisamment pr\u00e9cis pour prendre des d\u00e9cisions conscientes et efficaces. Cet \u00e9quilibre leur permet de naviguer dans des environnements incertains, de saisir de nouvelles opportunit\u00e9s et de r\u00e9aliser une croissance durable.<\/span><\/p><p><span style=\"color: #000000;\">Un exemple de cette synergie est le corridor Berlin-Alger, qui repr\u00e9sente la fusion de la r\u00e9silience et de la pr\u00e9cision au niveau international. La r\u00e9silience du peuple alg\u00e9rien, aiguis\u00e9e par des ann\u00e9es de lutte contre l&#8217;adversit\u00e9, compl\u00e8te l&#8217;approche allemande de pr\u00e9cision et d&#8217;efficacit\u00e9. Ensemble, ces caract\u00e9ristiques cr\u00e9ent une base solide pour la coop\u00e9ration et l&#8217;innovation et garantissent que le corridor est non seulement adaptable, mais aussi structur\u00e9 de mani\u00e8re \u00e0 pouvoir r\u00e9ussir \u00e0 long terme.<\/span><\/p><h4><span style=\"color: #000000;\">Construire l&#8217;avenir : Le corridor Berlin-Alger, un mod\u00e8le de r\u00e9silience et de pr\u00e9cision<\/span><\/h4><p><span style=\"color: #000000;\">Le corridor Berlin-Alger est un excellent exemple de la mani\u00e8re dont la r\u00e9silience et la pr\u00e9cision peuvent \u00eatre int\u00e9gr\u00e9es dans un partenariat orient\u00e9 vers l&#8217;avenir. En utilisant la capacit\u00e9 d&#8217;adaptation de l&#8217;Alg\u00e9rie et la pr\u00e9cision de l&#8217;Allemagne, ce corridor sert de mod\u00e8le de coop\u00e9ration entre deux nations pour construire un avenir durable et prosp\u00e8re. C&#8217;est un espace o\u00f9 la r\u00e9silience est essentielle pour relever les d\u00e9fis, qu&#8217;il s&#8217;agisse de fluctuations \u00e9conomiques, de tensions g\u00e9opolitiques ou de changements sociaux, tandis que la pr\u00e9cision garantit que les efforts sont rationalis\u00e9s, les objectifs atteints et les r\u00e9sultats mesurables.<\/span><\/p><p><span style=\"color: #000000;\">Dans ce couloir, la r\u00e9silience prend sa source dans la riche histoire de l&#8217;Alg\u00e9rie, qui a su surmonter l&#8217;adversit\u00e9, de sa lutte pour l&#8217;ind\u00e9pendance \u00e0 sa capacit\u00e9 \u00e0 s&#8217;adapter aux changements \u00e9conomiques. La capacit\u00e9 d&#8217;adaptation du peuple alg\u00e9rien a forg\u00e9 un peuple flexible, inventif et capable de trouver des solutions innovantes dans les environnements les plus difficiles. Cette capacit\u00e9 d&#8217;adaptation, associ\u00e9e \u00e0 l&#8217;engagement de l&#8217;Allemagne en faveur de la pr\u00e9cision, cr\u00e9e un partenariat dynamique pr\u00eat \u00e0 s&#8217;attaquer aux probl\u00e8mes complexes de l&#8217;avenir.<\/span><\/p><p><span style=\"color: #000000;\">L&#8217;Allemagne, avec sa r\u00e9putation d&#8217;efficacit\u00e9, de ponctualit\u00e9 et de planification syst\u00e9matique, apporte de la pr\u00e9cision. L&#8217;approche allemande de l&#8217;\u00e9conomie et de l&#8217;industrie, bas\u00e9e sur des objectifs clairs, des normes rigoureuses et un accent sur la qualit\u00e9, garantit que le partenariat fonctionne de mani\u00e8re disciplin\u00e9e et efficace. La pr\u00e9cision garantit que les investissements sont r\u00e9alis\u00e9s de mani\u00e8re strat\u00e9gique, que les risques sont g\u00e9r\u00e9s avec soin et que les deux pays sont en mesure de mesurer et de suivre les progr\u00e8s accomplis dans la r\u00e9alisation d&#8217;objectifs communs.<\/span><\/p><p><span style=\"color: #000000;\">Ensemble, ces qualit\u00e9s &#8211; la r\u00e9silience et la pr\u00e9cision &#8211; forment l&#8217;\u00e9pine dorsale d&#8217;un corridor tourn\u00e9 vers l&#8217;avenir, dans lequel les deux nations peuvent apprendre l&#8217;une de l&#8217;autre et travailler ensemble d&#8217;une mani\u00e8re qui favorise l&#8217;innovation, le d\u00e9veloppement \u00e9conomique et le progr\u00e8s social.<\/span><\/p><h4><span style=\"color: #000000;\">Construire un avenir de r\u00e9silience et de pr\u00e9cision<\/span><\/h4><p><span style=\"color: #000000;\">Si nous nous tournons vers l&#8217;avenir, il est clair que la r\u00e9silience et la pr\u00e9cision seront les facteurs cl\u00e9s d&#8217;une croissance et d&#8217;un succ\u00e8s durables. Que ce soit dans l&#8217;\u00e9conomie, la gestion ou le d\u00e9veloppement social, ces deux qualit\u00e9s doivent faire partie int\u00e9grante de notre approche des d\u00e9fis mondiaux. La r\u00e9silience nous donne la capacit\u00e9 de nous adapter \u00e0 un monde en constante \u00e9volution, tandis que la pr\u00e9cision nous permet de prendre des mesures conscientes et efficaces pour atteindre nos objectifs.<\/span><\/p><p><span style=\"color: #000000;\">En adoptant \u00e0 la fois la r\u00e9silience et la pr\u00e9cision, nous ne nous contentons pas de r\u00e9agir \u00e0 l&#8217;avenir, mais nous le fa\u00e7onnons activement. L&#8217;avenir n&#8217;est pas quelque chose que l&#8217;on doit craindre ou laisser au hasard ; c&#8217;est quelque chose que l&#8217;on doit fa\u00e7onner avec soin et r\u00e9flexion, en sachant que des d\u00e9fis se pr\u00e9senteront, mais que nous avons les outils pour les surmonter. En travaillant ensemble, en faisant preuve de pr\u00e9voyance et en nous engageant \u00e0 \u00eatre r\u00e9silients et pr\u00e9cis, nous pouvons ouvrir la voie \u00e0 un avenir durable, prosp\u00e8re et \u00e9quitable pour tous.<\/span><\/p>\t\t\t\t\t\t\t\t<\/div>\n\t\t\t\t<\/div>\n\t\t\t\t<\/div>\n\t\t\t\t\t<\/div>\n\t\t\t\t<\/div>\n\t\t\t\t<\/div>\n\t\t","protected":false},"excerpt":{"rendered":"<p>Ouvrir la voie : S\u2019adapter \u00e0 l\u2019avenir en combinant r\u00e9silience et pr\u00e9cision Dans un monde marqu\u00e9 par l&#8217;incertitude et les changements rapides, la capacit\u00e9 d&#8217;adaptation est devenue un trait caract\u00e9ristique [&hellip;]<\/p>\n","protected":false},"author":1,"featured_media":0,"parent":0,"menu_order":0,"comment_status":"closed","ping_status":"closed","template":"","meta":{"footnotes":""},"class_list":["post-839","page","type-page","status-publish","hentry"],"_links":{"self":[{"href":"https:\/\/bryagroup.de\/fr\/wp-json\/wp\/v2\/pages\/839","targetHints":{"allow":["GET"]}}],"collection":[{"href":"https:\/\/bryagroup.de\/fr\/wp-json\/wp\/v2\/pages"}],"about":[{"href":"https:\/\/bryagroup.de\/fr\/wp-json\/wp\/v2\/types\/page"}],"author":[{"embeddable":true,"href":"https:\/\/bryagroup.de\/fr\/wp-json\/wp\/v2\/users\/1"}],"replies":[{"embeddable":true,"href":"https:\/\/bryagroup.de\/fr\/wp-json\/wp\/v2\/comments?post=839"}],"version-history":[{"count":11,"href":"https:\/\/bryagroup.de\/fr\/wp-json\/wp\/v2\/pages\/839\/revisions"}],"predecessor-version":[{"id":1545,"href":"https:\/\/bryagroup.de\/fr\/wp-json\/wp\/v2\/pages\/839\/revisions\/1545"}],"wp:attachment":[{"href":"https:\/\/bryagroup.de\/fr\/wp-json\/wp\/v2\/media?parent=839"}],"curies":[{"name":"wp","href":"https:\/\/api.w.org\/{rel}","templated":true}]}}