{"id":806,"date":"2025-02-14T16:37:08","date_gmt":"2025-02-14T16:37:08","guid":{"rendered":"https:\/\/bryagroup.de\/fr\/?page_id=806"},"modified":"2025-04-02T07:51:09","modified_gmt":"2025-04-02T07:51:09","slug":"la-ou-les-esprits-brillants-convergent-et-ou-commencent-les-percees-les-lignes-directrices-des-prochaines-actions","status":"publish","type":"page","link":"https:\/\/bryagroup.de\/fr\/la-ou-les-esprits-brillants-convergent-et-ou-commencent-les-percees-les-lignes-directrices-des-prochaines-actions\/","title":{"rendered":"L\u00e0 o\u00f9 les esprits brillants convergent et o\u00f9 commencent les perc\u00e9es : Les lignes directrices des prochaines actions"},"content":{"rendered":"\t\t<div data-elementor-type=\"wp-page\" data-elementor-id=\"806\" class=\"elementor elementor-806\">\n\t\t\t\t<div class=\"elementor-element elementor-element-4f3e2ca e-con-full e-flex e-con e-parent\" data-id=\"4f3e2ca\" data-element_type=\"container\" data-e-type=\"container\">\n\t\t<div class=\"elementor-element elementor-element-fd8a680 e-con-full e-flex e-con e-child\" data-id=\"fd8a680\" data-element_type=\"container\" data-e-type=\"container\">\n\t\t\t\t<div class=\"elementor-element elementor-element-f9dd609 elementor-widget elementor-widget-gva_post_breadcrumb\" data-id=\"f9dd609\" data-element_type=\"widget\" data-e-type=\"widget\" data-widget_type=\"gva_post_breadcrumb.default\">\n\t\t\t\t<div class=\"elementor-widget-container\">\n\t\t\t\t\t<div class=\"gva-element-gva_post_breadcrumb gva-element\">   \r\n<div class=\"post-breadcrumb\">\r\n   <div class=\"custom-breadcrumb \" >\r\n            <div class=\"breadcrumb-main\">\r\n        <div class=\"container\">\r\n          <div class=\"breadcrumb-container-inner align-center\">\r\n            <h2 class=\"heading-title\">L\u00e0 o\u00f9 les esprits brillants convergent et o\u00f9 commencent les perc\u00e9es : Les lignes directrices des prochaines actions<\/h2>          <\/div>  \r\n        <\/div>   \r\n      <\/div>  \r\n   <\/div>\r\n<\/div>      \r\n\r\n<\/div>\t\t\t\t<\/div>\n\t\t\t\t<\/div>\n\t\t\t\t<\/div>\n\t\t\t\t<\/div>\n\t\t<div class=\"elementor-element elementor-element-3cf5fdd e-flex e-con-boxed e-con e-parent\" data-id=\"3cf5fdd\" data-element_type=\"container\" data-e-type=\"container\">\n\t\t\t\t\t<div class=\"e-con-inner\">\n\t\t<div class=\"elementor-element elementor-element-171fb6d e-con-full e-flex e-con e-child\" data-id=\"171fb6d\" data-element_type=\"container\" data-e-type=\"container\">\n\t\t\t\t<div class=\"elementor-element elementor-element-4e4c163 elementor-widget elementor-widget-text-editor\" data-id=\"4e4c163\" data-element_type=\"widget\" data-e-type=\"widget\" data-widget_type=\"text-editor.default\">\n\t\t\t\t<div class=\"elementor-widget-container\">\n\t\t\t\t\t\t\t\t\t<p><span style=\"color: #000000;\">Dans un monde de plus en plus interconnect\u00e9 et complexe, les lieux o\u00f9 les esprits brillants se r\u00e9unissent sont devenus des foyers d\u2019innovations majeures. L\u2019innovation n\u2019est plus une qu\u00eate solitaire, mais un effort collectif, aliment\u00e9 par des perspectives diverses, une collaboration interdisciplinaire et une vision commune du progr\u00e8s. Ces espaces \u2013 qu\u2019ils soient physiques, virtuels ou culturels \u2013 sont des lieux o\u00f9 les fronti\u00e8res s\u2019effacent, o\u00f9 les id\u00e9es circulent librement et o\u00f9 de nouveaux paradigmes \u00e9mergent. Ils ne sont pas de simples lieux, mais des \u00e9cosyst\u00e8mes de pens\u00e9e, de cr\u00e9ativit\u00e9 et de r\u00e9solution de probl\u00e8mes, avec le potentiel de fa\u00e7onner l\u2019avenir de l\u2019humanit\u00e9.<\/span><\/p><h4><span style=\"color: #000000;\">La puissance de la collaboration dans le monde moderne<\/span><\/h4><p><span style=\"color: #000000;\">Pendant des si\u00e8cles, l\u2019innovation a \u00e9t\u00e9 port\u00e9e par des g\u00e9nies solitaires \u2013 pensons \u00e0 Albert Einstein, L\u00e9onard de Vinci ou Marie Curie, dont le g\u00e9nie individuel a chang\u00e9 le cours de l\u2019histoire. Mais \u00e0 mesure que les d\u00e9fis du monde deviennent plus complexes et interconnect\u00e9s, le besoin de collaboration n\u2019a jamais \u00e9t\u00e9 aussi crucial. Des enjeux globaux comme le changement climatique, les in\u00e9galit\u00e9s \u00e9conomiques, la disruption technologique et les tensions g\u00e9opolitiques ne peuvent \u00eatre r\u00e9solus par une seule personne ou une seule nation. Ils n\u00e9cessitent une r\u00e9flexion collective, o\u00f9 diff\u00e9rentes expertises et perspectives se rejoignent pour \u00e9laborer des solutions aussi complexes que les probl\u00e8mes eux-m\u00eames.<\/span><\/p><p><span style=\"color: #000000;\">Aujourd\u2019hui, nous vivons une \u00e9poque unique. Gr\u00e2ce \u00e0 une connectivit\u00e9 sans pr\u00e9c\u00e9dent, les esprits brillants du monde entier peuvent interagir et collaborer instantan\u00e9ment. Que ce soit via des plateformes num\u00e9riques, des conf\u00e9rences internationales ou des partenariats transfrontaliers, les barri\u00e8res \u00e0 la collaboration n\u2019ont jamais \u00e9t\u00e9 aussi faibles. Cet environnement connect\u00e9 favorise l\u2019\u00e9mergence de d\u00e9couvertes r\u00e9volutionnaires, o\u00f9 les id\u00e9es ne sont plus confin\u00e9es \u00e0 une seule r\u00e9gion du monde, mais peuvent \u00eatre partag\u00e9es, affin\u00e9es et mises en \u0153uvre \u00e0 l\u2019\u00e9chelle mondiale.<\/span><\/p><h4><span style=\"color: #000000;\">Le r\u00f4le de la diversit\u00e9 dans l\u2019\u00e9mergence de l\u2019innovation<\/span><\/h4><p><span style=\"color: #000000;\">L\u2019une des forces majeures de ces espaces de convergence est la diversit\u00e9 des pens\u00e9es qu\u2019ils rassemblent. La diversit\u00e9 ne se limite pas \u00e0 l\u2019origine ethnique ou culturelle \u2013 elle inclut \u00e9galement la diversit\u00e9 d\u2019exp\u00e9rience, de discipline, de perspective et d\u2019approche. Les innovations les plus r\u00e9volutionnaires naissent souvent \u00e0 l\u2019intersection de plusieurs domaines, o\u00f9 des individus apportent des regards neufs sur des probl\u00e9matiques anciennes.<\/span><\/p><p><span style=\"color: #000000;\">Prenons l\u2019exemple du d\u00e9veloppement d\u2019Internet \u2013 une innovation qui a vu le jour gr\u00e2ce \u00e0 la collaboration entre ing\u00e9nieurs, informaticiens, sociologues et philosophes. Le fruit de cette diversit\u00e9 n\u2019a pas seulement \u00e9t\u00e9 un outil qui a r\u00e9volutionn\u00e9 la communication, mais une transformation profonde de notre fa\u00e7on de penser, de vivre et d\u2019interagir avec le monde. Cela d\u00e9montre que lorsque des esprits brillants issus de milieux vari\u00e9s se r\u00e9unissent, ils ne se contentent pas de r\u00e9soudre des probl\u00e8mes \u2013 ils repoussent les limites du possible.<\/span><\/p><h4><span style=\"color: #000000;\">Cr\u00e9er des espaces de convergence : \u00e9cosyst\u00e8mes physiques et virtuels<\/span><\/h4><p><span style=\"color: #000000;\">\u00c0 mesure que le besoin de collaboration augmente, la demande en espaces qui facilitent la convergence des esprits s\u2019accro\u00eet. Ces espaces prennent diverses formes \u2013 des laboratoires de recherche et incubateurs d\u2019innovation aux communaut\u00e9s virtuelles et conf\u00e9rences intersectorielles. Ils servent d\u2019incubateurs \u00e0 la cr\u00e9ativit\u00e9, o\u00f9 les id\u00e9es sont test\u00e9es, affin\u00e9es et transform\u00e9es en solutions concr\u00e8tes.<\/span><\/p><p><span style=\"color: #000000;\">Dans le monde physique, les districts d\u2019innovation, espaces de coworking et institutions acad\u00e9miques sont devenus les moteurs de nombreuses avanc\u00e9es majeures. Ces environnements favorisent un esprit de communaut\u00e9 et un objectif commun, o\u00f9 les individus et les \u00e9quipes sont encourag\u00e9s \u00e0 penser au-del\u00e0 des limites de leurs disciplines. La r\u00e9ussite de la Silicon Valley illustre la puissance de ces \u00e9cosyst\u00e8mes, o\u00f9 des \u00e9quipes diversifi\u00e9es collaborent chaque jour pour repousser les fronti\u00e8res de la technologie, des affaires et du design.<\/span><\/p><p><span style=\"color: #000000;\">Dans l\u2019univers virtuel, des plateformes comme les r\u00e9seaux de recherche, les collaborations open-source et les forums mondiaux permettent aux esprits brillants de se connecter au-del\u00e0 des continents et des fuseaux horaires. L\u2019\u00e8re num\u00e9rique a aboli les barri\u00e8res g\u00e9ographiques, lib\u00e9rant la circulation des id\u00e9es et cr\u00e9ant des opportunit\u00e9s de collaboration autrefois inimaginables. Gr\u00e2ce \u00e0 ces outils, les individus n\u2019ont plus besoin d\u2019\u00eatre dans la m\u00eame pi\u00e8ce pour \u00e9changer des id\u00e9es significatives ; ils peuvent se connecter instantan\u00e9ment, partager leur expertise et contribuer \u00e0 un savoir collectif.<\/span><\/p><h4><span style=\"color: #000000;\">Le r\u00f4le du leadership dans la facilitation de la convergence<\/span><\/h4><p><span style=\"color: #000000;\">Si la r\u00e9union d\u2019esprits brillants est essentielle \u00e0 l\u2019innovation, elle ne peut se produire dans un vide. Un leadership efficace joue un r\u00f4le cl\u00e9 en cr\u00e9ant les conditions propices \u00e0 l\u2019\u00e9mergence de d\u00e9couvertes majeures. Les leaders doivent favoriser une culture qui encourage la collaboration, la prise de risque et l\u2019\u00e9change libre d\u2019id\u00e9es. Ils doivent briser les silos qui existent au sein des organisations ou des industries, en favorisant un climat d\u2019ouverture et de mission partag\u00e9e.<\/span><\/p><p><span style=\"color: #000000;\">Ce leadership ne consiste pas \u00e0 dicter la direction de l\u2019innovation, mais \u00e0 cr\u00e9er un environnement o\u00f9 la cr\u00e9ativit\u00e9 peut prosp\u00e9rer. Les dirigeants doivent autonomiser les individus pour qu\u2019ils puissent penser ind\u00e9pendamment tout en valorisant la collaboration. Ils doivent \u00eatre visionnaires et voir le potentiel d\u2019unir des groupes divers pour relever des d\u00e9fis complexes. Ce type de leadership \u2013 qui valorise la diversit\u00e9, nourrit la cr\u00e9ativit\u00e9 et stimule la coop\u00e9ration \u2013 est le moteur du progr\u00e8s et des perc\u00e9es.<\/span><\/p><h4><span style=\"color: #000000;\">Perc\u00e9es dans le corridor Berlin-Alger : Un mod\u00e8le d\u2019innovation<\/span><\/h4><p><span style=\"color: #000000;\">Un exemple concret d\u2019un espace o\u00f9 les esprits brillants peuvent converger pour des perc\u00e9es est le corridor Berlin-Alger, un partenariat unique entre l\u2019Allemagne et l\u2019Alg\u00e9rie. Ce corridor n\u2019est pas seulement une route commerciale ; c\u2019est un espace d\u2019\u00e9change culturel, intellectuel et \u00e9conomique qui pourrait devenir un mod\u00e8le pour la collaboration internationale. En alliant la r\u00e9silience et l\u2019adaptabilit\u00e9 du peuple alg\u00e9rien \u00e0 la pr\u00e9cision et l\u2019efficacit\u00e9 de la main-d\u2019\u0153uvre allemande, ce corridor incarne la fusion de deux cultures et \u00e9conomies distinctes pour une croissance et une innovation mutuelles.<\/span><\/p><p><span style=\"color: #000000;\">En se concentrant sur des domaines cl\u00e9s tels que le d\u00e9veloppement durable, l\u2019innovation technologique et l\u2019investissement dans le capital humain, le corridor Berlin-Alger a le potentiel de devenir une force puissante de transformation dans les deux r\u00e9gions. Ce partenariat pourrait exploiter l\u2019adaptabilit\u00e9 alg\u00e9rienne et la rigueur allemande pour relever des d\u00e9fis mondiaux comme le changement climatique, les in\u00e9galit\u00e9s sociales et l\u2019instabilit\u00e9 \u00e9conomique. En favorisant la collaboration entre entrepreneurs allemands et innovateurs alg\u00e9riens, ce corridor pourrait donner naissance \u00e0 des avanc\u00e9es en mati\u00e8re d\u2019\u00e9nergie renouvelable, de transfert de technologie et de diversification \u00e9conomique.<\/span><\/p><h4><span style=\"color: #000000;\">L\u2019avenir : Un monde o\u00f9 les perc\u00e9es deviennent la norme<\/span><\/h4><p><span style=\"color: #000000;\">En regardant vers l\u2019avenir, il est essentiel de continuer \u00e0 cr\u00e9er des environnements o\u00f9 les esprits brillants peuvent converger, collaborer et innover. \u00c0 mesure que le paysage mondial devient plus complexe, la capacit\u00e9 \u00e0 r\u00e9unir des perspectives diverses sera plus cruciale que jamais. L\u2019avenir ne sera pas fa\u00e7onn\u00e9 par des penseurs isol\u00e9s, mais par la sagesse collective et la cr\u00e9ativit\u00e9 de ceux qui comprennent la valeur de la collaboration, de la diversit\u00e9 et du progr\u00e8s \u00e9thique.<\/span><\/p><p><span style=\"color: #000000;\">En favorisant ces espaces de convergence \u2013 qu\u2019ils soient physiques ou virtuels \u2013 et en encourageant les leaders \u00e0 guider les efforts de collaboration, nous pouvons garantir que les perc\u00e9es deviendront la norme et non l\u2019exception. Qu\u2019il s\u2019agisse de r\u00e9soudre des crises mondiales ou d\u2019acc\u00e9l\u00e9rer le progr\u00e8s technologique et scientifique, les possibilit\u00e9s sont infinies lorsque des esprits brillants se r\u00e9unissent avec une vision commune.<\/span><\/p>\t\t\t\t\t\t\t\t<\/div>\n\t\t\t\t<\/div>\n\t\t\t\t<\/div>\n\t\t\t\t\t<\/div>\n\t\t\t\t<\/div>\n\t\t\t\t<\/div>\n\t\t","protected":false},"excerpt":{"rendered":"<p>L\u00e0 o\u00f9 les esprits brillants convergent et o\u00f9 commencent les perc\u00e9es : Les lignes directrices des prochaines actions Dans un monde de plus en plus interconnect\u00e9 et complexe, les lieux [&hellip;]<\/p>\n","protected":false},"author":1,"featured_media":0,"parent":0,"menu_order":0,"comment_status":"closed","ping_status":"closed","template":"","meta":{"footnotes":""},"class_list":["post-806","page","type-page","status-publish","hentry"],"_links":{"self":[{"href":"https:\/\/bryagroup.de\/fr\/wp-json\/wp\/v2\/pages\/806","targetHints":{"allow":["GET"]}}],"collection":[{"href":"https:\/\/bryagroup.de\/fr\/wp-json\/wp\/v2\/pages"}],"about":[{"href":"https:\/\/bryagroup.de\/fr\/wp-json\/wp\/v2\/types\/page"}],"author":[{"embeddable":true,"href":"https:\/\/bryagroup.de\/fr\/wp-json\/wp\/v2\/users\/1"}],"replies":[{"embeddable":true,"href":"https:\/\/bryagroup.de\/fr\/wp-json\/wp\/v2\/comments?post=806"}],"version-history":[{"count":23,"href":"https:\/\/bryagroup.de\/fr\/wp-json\/wp\/v2\/pages\/806\/revisions"}],"predecessor-version":[{"id":1542,"href":"https:\/\/bryagroup.de\/fr\/wp-json\/wp\/v2\/pages\/806\/revisions\/1542"}],"wp:attachment":[{"href":"https:\/\/bryagroup.de\/fr\/wp-json\/wp\/v2\/media?parent=806"}],"curies":[{"name":"wp","href":"https:\/\/api.w.org\/{rel}","templated":true}]}}