{"id":1434,"date":"2025-03-29T08:10:00","date_gmt":"2025-03-29T08:10:00","guid":{"rendered":"https:\/\/bryagroup.de\/fr\/?page_id=1434"},"modified":"2025-04-12T10:11:31","modified_gmt":"2025-04-12T10:11:31","slug":"meet-our-founders","status":"publish","type":"page","link":"https:\/\/bryagroup.de\/fr\/meet-our-founders\/","title":{"rendered":"Meet our Founders"},"content":{"rendered":"\t\t<div data-elementor-type=\"wp-page\" data-elementor-id=\"1434\" class=\"elementor elementor-1434\">\n\t\t\t\t<div class=\"elementor-element elementor-element-4b3f1fd e-con-full e-flex e-con e-parent\" data-id=\"4b3f1fd\" data-element_type=\"container\" data-e-type=\"container\">\n\t\t\t\t<div class=\"elementor-element elementor-element-cd58cd4 elementor-widget elementor-widget-image\" data-id=\"cd58cd4\" data-element_type=\"widget\" data-e-type=\"widget\" data-widget_type=\"image.default\">\n\t\t\t\t<div class=\"elementor-widget-container\">\n\t\t\t\t\t\t\t\t\t\t\t\t\t\t\t<img fetchpriority=\"high\" decoding=\"async\" width=\"2560\" height=\"640\" src=\"https:\/\/bryagroup.de\/fr\/wp-content\/uploads\/2025\/03\/Professional-LinkedIn-Banner-scaled.webp\" class=\"attachment-full size-full wp-image-1406\" alt=\"\" srcset=\"https:\/\/bryagroup.de\/fr\/wp-content\/uploads\/2025\/03\/Professional-LinkedIn-Banner-scaled.webp 2560w, https:\/\/bryagroup.de\/fr\/wp-content\/uploads\/2025\/03\/Professional-LinkedIn-Banner-1024x256.webp 1024w, https:\/\/bryagroup.de\/fr\/wp-content\/uploads\/2025\/03\/Professional-LinkedIn-Banner-768x192.webp 768w, https:\/\/bryagroup.de\/fr\/wp-content\/uploads\/2025\/03\/Professional-LinkedIn-Banner-600x150.webp 600w\" sizes=\"(max-width: 2560px) 100vw, 2560px\" \/>\t\t\t\t\t\t\t\t\t\t\t\t\t\t\t<\/div>\n\t\t\t\t<\/div>\n\t\t\t\t<\/div>\n\t\t<div class=\"elementor-element elementor-element-56f73c9 e-flex e-con-boxed e-con e-parent\" data-id=\"56f73c9\" data-element_type=\"container\" data-e-type=\"container\">\n\t\t\t\t\t<div class=\"e-con-inner\">\n\t\t<div class=\"elementor-element elementor-element-57126d8 e-con-full e-flex e-con e-child\" data-id=\"57126d8\" data-element_type=\"container\" data-e-type=\"container\">\n\t\t\t\t<\/div>\n\t\t<div class=\"elementor-element elementor-element-1d09583 e-con-full e-flex e-con e-child\" data-id=\"1d09583\" data-element_type=\"container\" data-e-type=\"container\">\n\t\t\t\t<div class=\"elementor-element elementor-element-5193a05 elementor-widget elementor-widget-text-editor\" data-id=\"5193a05\" data-element_type=\"widget\" data-e-type=\"widget\" data-widget_type=\"text-editor.default\">\n\t\t\t\t<div class=\"elementor-widget-container\">\n\t\t\t\t\t\t\t\t\t<h5 style=\"text-align: center;\"><span style=\"color: #000000;\">L\u00e0 o\u00f9 les voyages commencent et les missions se d\u00e9veloppent.<\/span><\/h5>\t\t\t\t\t\t\t\t<\/div>\n\t\t\t\t<\/div>\n\t\t\t\t<\/div>\n\t\t<div class=\"elementor-element elementor-element-1c4a8ca e-con-full e-flex e-con e-child\" data-id=\"1c4a8ca\" data-element_type=\"container\" data-e-type=\"container\">\n\t\t\t\t<\/div>\n\t\t\t\t\t<\/div>\n\t\t\t\t<\/div>\n\t\t<div class=\"elementor-element elementor-element-a7713f0 e-flex e-con-boxed e-con e-parent\" data-id=\"a7713f0\" data-element_type=\"container\" data-e-type=\"container\" data-settings=\"{&quot;background_background&quot;:&quot;classic&quot;}\">\n\t\t\t\t\t<div class=\"e-con-inner\">\n\t\t<div class=\"elementor-element elementor-element-d7981c6 e-con-full e-flex e-con e-child\" data-id=\"d7981c6\" data-element_type=\"container\" data-e-type=\"container\">\n\t\t\t\t<div class=\"elementor-element elementor-element-13dbb34 elementor-widget elementor-widget-text-editor\" data-id=\"13dbb34\" data-element_type=\"widget\" data-e-type=\"widget\" data-widget_type=\"text-editor.default\">\n\t\t\t\t<div class=\"elementor-widget-container\">\n\t\t\t\t\t\t\t\t\t<h1 style=\"text-align: right;\"><span style=\"font-size: 36pt; color: #ffffff;\">Noureddine Madoui<\/span><\/h1><h2 style=\"text-align: right;\"><span style=\"color: #ffffff;\">Co-fondateur &#8211; CEO<\/span><\/h2>\t\t\t\t\t\t\t\t<\/div>\n\t\t\t\t<\/div>\n\t\t\t\t<\/div>\n\t\t<div class=\"elementor-element elementor-element-72430c0 e-con-full e-flex e-con e-child\" data-id=\"72430c0\" data-element_type=\"container\" data-e-type=\"container\">\n\t\t\t\t<\/div>\n\t\t<div class=\"elementor-element elementor-element-1f3a4b7 e-con-full e-flex e-con e-child\" data-id=\"1f3a4b7\" data-element_type=\"container\" data-e-type=\"container\">\n\t\t\t\t<div class=\"elementor-element elementor-element-b3146a0 elementor-widget elementor-widget-text-editor\" data-id=\"b3146a0\" data-element_type=\"widget\" data-e-type=\"widget\" data-widget_type=\"text-editor.default\">\n\t\t\t\t<div class=\"elementor-widget-container\">\n\t\t\t\t\t\t\t\t\t<p><span style=\"font-size: 14pt; color: #ffffff;\">Noureddine Madoui est un entrepreneur tech visionnaire et un conseiller de niveau C avec plus de 30 ans d&#8217;exp\u00e9rience dans la transformation des \u00e9cosyst\u00e8mes de l&#8217;aviation et des startups \u00e0 travers l&#8217;Europe et l&#8217;Afrique du Nord. En tant que PDG de Brya Group, il dirige le corridor Berlin-Alger, en favorisant l&#8217;innovation interculturelle et le leadership \u00e9thique. D&#8217;Airbus aux startups, il allie l&#8217;excellence en ing\u00e9nierie \u00e0 la pr\u00e9voyance strat\u00e9gique pour encadrer les fondateurs et fa\u00e7onner des avenirs inclusifs ax\u00e9s sur la technologie.<\/span><\/p>\t\t\t\t\t\t\t\t<\/div>\n\t\t\t\t<\/div>\n\t\t\t\t<div class=\"elementor-element elementor-element-ae5ecff elementor-align-right elementor-widget elementor-widget-button\" data-id=\"ae5ecff\" data-element_type=\"widget\" data-e-type=\"widget\" data-widget_type=\"button.default\">\n\t\t\t\t<div class=\"elementor-widget-container\">\n\t\t\t\t\t\t\t\t\t<div class=\"elementor-button-wrapper\">\n\t\t\t\t\t<a class=\"elementor-button elementor-button-link elementor-size-sm\" href=\"https:\/\/bryagroup.de\/fr\/wp-content\/uploads\/2025\/03\/Biography-of-Noureddine-Madoui.pdf\">\n\t\t\t\t\t\t<span class=\"elementor-button-content-wrapper\">\n\t\t\t\t\t\t\t\t\t<span class=\"elementor-button-text\">T\u00e9l\u00e9charger la biographie du dirigeant<\/span>\n\t\t\t\t\t<\/span>\n\t\t\t\t\t<\/a>\n\t\t\t\t<\/div>\n\t\t\t\t\t\t\t\t<\/div>\n\t\t\t\t<\/div>\n\t\t\t\t<\/div>\n\t\t\t\t\t<\/div>\n\t\t\t\t<\/div>\n\t\t<div class=\"elementor-element elementor-element-ab547db e-flex e-con-boxed e-con e-parent\" data-id=\"ab547db\" data-element_type=\"container\" data-e-type=\"container\" data-settings=\"{&quot;background_background&quot;:&quot;classic&quot;}\">\n\t\t\t\t\t<div class=\"e-con-inner\">\n\t\t<div class=\"elementor-element elementor-element-47bf176 e-con-full e-flex e-con e-child\" data-id=\"47bf176\" data-element_type=\"container\" data-e-type=\"container\">\n\t\t\t\t<div class=\"elementor-element elementor-element-2a569d8 elementor-widget elementor-widget-text-editor\" data-id=\"2a569d8\" data-element_type=\"widget\" data-e-type=\"widget\" data-widget_type=\"text-editor.default\">\n\t\t\t\t<div class=\"elementor-widget-container\">\n\t\t\t\t\t\t\t\t\t<h1 style=\"text-align: right;\"><span style=\"font-size: 36pt; color: #ffffff;\">Nasr-eddine Benhamouda<\/span><\/h1><h2 style=\"text-align: right;\"><span style=\"color: #ffffff;\">Co-fondateur &#8211; COO<\/span><\/h2>\t\t\t\t\t\t\t\t<\/div>\n\t\t\t\t<\/div>\n\t\t\t\t<\/div>\n\t\t<div class=\"elementor-element elementor-element-3c897ea e-con-full e-flex e-con e-child\" data-id=\"3c897ea\" data-element_type=\"container\" data-e-type=\"container\">\n\t\t\t\t<\/div>\n\t\t<div class=\"elementor-element elementor-element-1bb10ba e-con-full e-flex e-con e-child\" data-id=\"1bb10ba\" data-element_type=\"container\" data-e-type=\"container\">\n\t\t\t\t<div class=\"elementor-element elementor-element-d4e88a7 elementor-widget elementor-widget-text-editor\" data-id=\"d4e88a7\" data-element_type=\"widget\" data-e-type=\"widget\" data-widget_type=\"text-editor.default\">\n\t\t\t\t<div class=\"elementor-widget-container\">\n\t\t\t\t\t\t\t\t\t<p><span style=\"font-size: 14pt; color: #ffffff;\">Nasr-eddine Benhamouda est un architecte visionnaire et un directeur de projet sp\u00e9cialis\u00e9 dans le patrimoine culturel, l&#8217;urbanisme et les partenariats internationaux. Cofondateur de Brya Group, il dirige des initiatives dans le domaine de l&#8217;apprentissage en ligne et de la collaboration interculturelle. Passionn\u00e9 par l&#8217;art, l&#8217;\u00e9cologie et la narration, il s&#8217;efforce d&#8217;inspirer et de construire un avenir durable. Exp\u00e9rience dans diverses entreprises \u00e0 travers le monde depuis 2015.<\/span><\/p>\t\t\t\t\t\t\t\t<\/div>\n\t\t\t\t<\/div>\n\t\t\t\t<div class=\"elementor-element elementor-element-d68f423 elementor-align-right elementor-widget elementor-widget-button\" data-id=\"d68f423\" data-element_type=\"widget\" data-e-type=\"widget\" data-widget_type=\"button.default\">\n\t\t\t\t<div class=\"elementor-widget-container\">\n\t\t\t\t\t\t\t\t\t<div class=\"elementor-button-wrapper\">\n\t\t\t\t\t<a class=\"elementor-button elementor-button-link elementor-size-sm\" href=\"https:\/\/bryagroup.de\/fr\/wp-content\/uploads\/2025\/03\/Biography-of-Nasreddine-Benhamouda.pdf\">\n\t\t\t\t\t\t<span class=\"elementor-button-content-wrapper\">\n\t\t\t\t\t\t\t\t\t<span class=\"elementor-button-text\">T\u00e9l\u00e9charger la biographie du dirigeant<\/span>\n\t\t\t\t\t<\/span>\n\t\t\t\t\t<\/a>\n\t\t\t\t<\/div>\n\t\t\t\t\t\t\t\t<\/div>\n\t\t\t\t<\/div>\n\t\t\t\t<\/div>\n\t\t\t\t\t<\/div>\n\t\t\t\t<\/div>\n\t\t\t\t<\/div>\n\t\t","protected":false},"excerpt":{"rendered":"<p>L\u00e0 o\u00f9 les voyages commencent et les missions se d\u00e9veloppent. Noureddine Madoui Co-fondateur &#8211; CEO Noureddine Madoui est un entrepreneur tech visionnaire et un conseiller de niveau C avec plus [&hellip;]<\/p>\n","protected":false},"author":1,"featured_media":0,"parent":0,"menu_order":0,"comment_status":"closed","ping_status":"closed","template":"","meta":{"footnotes":""},"class_list":["post-1434","page","type-page","status-publish","hentry"],"_links":{"self":[{"href":"https:\/\/bryagroup.de\/fr\/wp-json\/wp\/v2\/pages\/1434","targetHints":{"allow":["GET"]}}],"collection":[{"href":"https:\/\/bryagroup.de\/fr\/wp-json\/wp\/v2\/pages"}],"about":[{"href":"https:\/\/bryagroup.de\/fr\/wp-json\/wp\/v2\/types\/page"}],"author":[{"embeddable":true,"href":"https:\/\/bryagroup.de\/fr\/wp-json\/wp\/v2\/users\/1"}],"replies":[{"embeddable":true,"href":"https:\/\/bryagroup.de\/fr\/wp-json\/wp\/v2\/comments?post=1434"}],"version-history":[{"count":43,"href":"https:\/\/bryagroup.de\/fr\/wp-json\/wp\/v2\/pages\/1434\/revisions"}],"predecessor-version":[{"id":1727,"href":"https:\/\/bryagroup.de\/fr\/wp-json\/wp\/v2\/pages\/1434\/revisions\/1727"}],"wp:attachment":[{"href":"https:\/\/bryagroup.de\/fr\/wp-json\/wp\/v2\/media?parent=1434"}],"curies":[{"name":"wp","href":"https:\/\/api.w.org\/{rel}","templated":true}]}}