{"id":1334,"date":"2025-03-19T07:38:28","date_gmt":"2025-03-19T07:38:28","guid":{"rendered":"https:\/\/bryagroup.de\/fr\/?page_id=1334"},"modified":"2025-04-05T07:25:13","modified_gmt":"2025-04-05T07:25:13","slug":"stars-valley-intro","status":"publish","type":"page","link":"https:\/\/bryagroup.de\/fr\/stars-valley-intro\/","title":{"rendered":"Stars Valley Intro"},"content":{"rendered":"\t\t<div data-elementor-type=\"wp-page\" data-elementor-id=\"1334\" class=\"elementor elementor-1334\">\n\t\t\t\t<div class=\"elementor-element elementor-element-900fd26 e-con-full e-flex e-con e-parent\" data-id=\"900fd26\" data-element_type=\"container\" data-e-type=\"container\">\n\t\t\t\t<div class=\"elementor-element elementor-element-0ba50b2 elementor-widget elementor-widget-image\" data-id=\"0ba50b2\" data-element_type=\"widget\" data-e-type=\"widget\" data-widget_type=\"image.default\">\n\t\t\t\t<div class=\"elementor-widget-container\">\n\t\t\t\t\t\t\t\t\t\t\t\t\t\t\t<img fetchpriority=\"high\" decoding=\"async\" width=\"2560\" height=\"640\" src=\"https:\/\/bryagroup.de\/fr\/wp-content\/uploads\/2025\/03\/Professional-LinkedIn-Banner-scaled.webp\" class=\"attachment-full size-full wp-image-1406\" alt=\"\" srcset=\"https:\/\/bryagroup.de\/fr\/wp-content\/uploads\/2025\/03\/Professional-LinkedIn-Banner-scaled.webp 2560w, https:\/\/bryagroup.de\/fr\/wp-content\/uploads\/2025\/03\/Professional-LinkedIn-Banner-1024x256.webp 1024w, https:\/\/bryagroup.de\/fr\/wp-content\/uploads\/2025\/03\/Professional-LinkedIn-Banner-768x192.webp 768w, https:\/\/bryagroup.de\/fr\/wp-content\/uploads\/2025\/03\/Professional-LinkedIn-Banner-600x150.webp 600w\" sizes=\"(max-width: 2560px) 100vw, 2560px\" \/>\t\t\t\t\t\t\t\t\t\t\t\t\t\t\t<\/div>\n\t\t\t\t<\/div>\n\t\t\t\t<\/div>\n\t\t<div class=\"elementor-element elementor-element-56f73c9 e-flex e-con-boxed e-con e-parent\" data-id=\"56f73c9\" data-element_type=\"container\" data-e-type=\"container\">\n\t\t\t\t\t<div class=\"e-con-inner\">\n\t\t<div class=\"elementor-element elementor-element-57126d8 e-con-full e-flex e-con e-child\" data-id=\"57126d8\" data-element_type=\"container\" data-e-type=\"container\">\n\t\t\t\t<\/div>\n\t\t<div class=\"elementor-element elementor-element-1d09583 e-con-full e-flex e-con e-child\" data-id=\"1d09583\" data-element_type=\"container\" data-e-type=\"container\">\n\t\t\t\t<div class=\"elementor-element elementor-element-5193a05 elementor-widget elementor-widget-text-editor\" data-id=\"5193a05\" data-element_type=\"widget\" data-e-type=\"widget\" data-widget_type=\"text-editor.default\">\n\t\t\t\t<div class=\"elementor-widget-container\">\n\t\t\t\t\t\t\t\t\t<h5 style=\"text-align: center;\"><span style=\"color: #000000;\">C&#8217;est l\u00e0 que s&#8217;amorcent les changements de paradigme, que les id\u00e9es \u00e9voluent et que l&#8217;avenir se dessine.<\/span><\/h5>\t\t\t\t\t\t\t\t<\/div>\n\t\t\t\t<\/div>\n\t\t\t\t<\/div>\n\t\t<div class=\"elementor-element elementor-element-1c4a8ca e-con-full e-flex e-con e-child\" data-id=\"1c4a8ca\" data-element_type=\"container\" data-e-type=\"container\">\n\t\t\t\t<\/div>\n\t\t\t\t\t<\/div>\n\t\t\t\t<\/div>\n\t\t<div class=\"elementor-element elementor-element-c22d0c1 e-con-full e-flex e-con e-parent\" data-id=\"c22d0c1\" data-element_type=\"container\" data-e-type=\"container\">\n\t\t<div class=\"elementor-element elementor-element-15caa09 e-con-full e-flex e-con e-child\" data-id=\"15caa09\" data-element_type=\"container\" data-e-type=\"container\">\n\t\t\t\t<div class=\"elementor-element elementor-element-19e22f9 elementor-widget elementor-widget-image\" data-id=\"19e22f9\" data-element_type=\"widget\" data-e-type=\"widget\" data-widget_type=\"image.default\">\n\t\t\t\t<div class=\"elementor-widget-container\">\n\t\t\t\t\t\t\t\t\t\t\t\t\t\t\t<img decoding=\"async\" width=\"900\" height=\"903\" src=\"https:\/\/bryagroup.de\/fr\/wp-content\/uploads\/2025\/04\/starsvalley-fr-1021x1024.webp\" class=\"attachment-large size-large wp-image-1700\" alt=\"\" srcset=\"https:\/\/bryagroup.de\/fr\/wp-content\/uploads\/2025\/04\/starsvalley-fr-1021x1024.webp 1021w, https:\/\/bryagroup.de\/fr\/wp-content\/uploads\/2025\/04\/starsvalley-fr-175x175.webp 175w, https:\/\/bryagroup.de\/fr\/wp-content\/uploads\/2025\/04\/starsvalley-fr-768x770.webp 768w, https:\/\/bryagroup.de\/fr\/wp-content\/uploads\/2025\/04\/starsvalley-fr-300x300.webp 300w, https:\/\/bryagroup.de\/fr\/wp-content\/uploads\/2025\/04\/starsvalley-fr-600x602.webp 600w, https:\/\/bryagroup.de\/fr\/wp-content\/uploads\/2025\/04\/starsvalley-fr-180x180.webp 180w\" sizes=\"(max-width: 900px) 100vw, 900px\" \/>\t\t\t\t\t\t\t\t\t\t\t\t\t\t\t<\/div>\n\t\t\t\t<\/div>\n\t\t\t\t<\/div>\n\t\t<div class=\"elementor-element elementor-element-05b0b21 e-con-full e-flex e-con e-child\" data-id=\"05b0b21\" data-element_type=\"container\" data-e-type=\"container\">\n\t\t\t\t<div class=\"elementor-element elementor-element-ff883fc elementor-widget elementor-widget-image\" data-id=\"ff883fc\" data-element_type=\"widget\" data-e-type=\"widget\" data-widget_type=\"image.default\">\n\t\t\t\t<div class=\"elementor-widget-container\">\n\t\t\t\t\t\t\t\t\t\t\t\t\t\t\t<img decoding=\"async\" width=\"175\" height=\"175\" src=\"https:\/\/bryagroup.de\/fr\/wp-content\/uploads\/2025\/03\/atsrsvally-175x175.png\" class=\"attachment-thumbnail size-thumbnail wp-image-1378\" alt=\"\" srcset=\"https:\/\/bryagroup.de\/fr\/wp-content\/uploads\/2025\/03\/atsrsvally-175x175.png 175w, https:\/\/bryagroup.de\/fr\/wp-content\/uploads\/2025\/03\/atsrsvally-180x180.png 180w\" sizes=\"(max-width: 175px) 100vw, 175px\" \/>\t\t\t\t\t\t\t\t\t\t\t\t\t\t\t<\/div>\n\t\t\t\t<\/div>\n\t\t\t\t<div class=\"elementor-element elementor-element-2e279da elementor-widget elementor-widget-text-editor\" data-id=\"2e279da\" data-element_type=\"widget\" data-e-type=\"widget\" data-widget_type=\"text-editor.default\">\n\t\t\t\t<div class=\"elementor-widget-container\">\n\t\t\t\t\t\t\t\t\t<p><span style=\"font-size: 14pt; color: #000000;\">Stars Valley est le cerveau strat\u00e9gique du groupe BRYA &#8211; un laboratoire d&#8217;id\u00e9es o\u00f9 s&#8217;amorcent les changements de paradigme, o\u00f9 \u00e9voluent les id\u00e9es \u00e9conomiques et o\u00f9 se construit l&#8217;avenir.<\/span><\/p><p><span style=\"font-size: 14pt; color: #000000;\">Ax\u00e9 sur le corridor Berlin-Alger, nous fournissons des informations exploitables en mati\u00e8re de pr\u00e9vision du march\u00e9, de strat\u00e9gie des talents et de d\u00e9veloppement ax\u00e9 sur l&#8217;innovation. En combinant la recherche, la strat\u00e9gie et la collaboration interculturelle, nous aidons les entreprises et les d\u00e9cideurs politiques \u00e0 naviguer sur les march\u00e9s \u00e9mergents, \u00e0 r\u00e9imaginer les industries et \u00e0 fa\u00e7onner des avenirs \u00e9conomiques r\u00e9silients.<\/span><\/p>\t\t\t\t\t\t\t\t<\/div>\n\t\t\t\t<\/div>\n\t\t\t\t<\/div>\n\t\t\t\t<\/div>\n\t\t\t\t<\/div>\n\t\t","protected":false},"excerpt":{"rendered":"<p>C&#8217;est l\u00e0 que s&#8217;amorcent les changements de paradigme, que les id\u00e9es \u00e9voluent et que l&#8217;avenir se dessine. Stars Valley est le cerveau strat\u00e9gique du groupe BRYA &#8211; un laboratoire d&#8217;id\u00e9es [&hellip;]<\/p>\n","protected":false},"author":1,"featured_media":0,"parent":0,"menu_order":0,"comment_status":"closed","ping_status":"closed","template":"","meta":{"footnotes":""},"class_list":["post-1334","page","type-page","status-publish","hentry"],"_links":{"self":[{"href":"https:\/\/bryagroup.de\/fr\/wp-json\/wp\/v2\/pages\/1334","targetHints":{"allow":["GET"]}}],"collection":[{"href":"https:\/\/bryagroup.de\/fr\/wp-json\/wp\/v2\/pages"}],"about":[{"href":"https:\/\/bryagroup.de\/fr\/wp-json\/wp\/v2\/types\/page"}],"author":[{"embeddable":true,"href":"https:\/\/bryagroup.de\/fr\/wp-json\/wp\/v2\/users\/1"}],"replies":[{"embeddable":true,"href":"https:\/\/bryagroup.de\/fr\/wp-json\/wp\/v2\/comments?post=1334"}],"version-history":[{"count":29,"href":"https:\/\/bryagroup.de\/fr\/wp-json\/wp\/v2\/pages\/1334\/revisions"}],"predecessor-version":[{"id":1704,"href":"https:\/\/bryagroup.de\/fr\/wp-json\/wp\/v2\/pages\/1334\/revisions\/1704"}],"wp:attachment":[{"href":"https:\/\/bryagroup.de\/fr\/wp-json\/wp\/v2\/media?parent=1334"}],"curies":[{"name":"wp","href":"https:\/\/api.w.org\/{rel}","templated":true}]}}