{"id":1333,"date":"2025-03-19T07:38:52","date_gmt":"2025-03-19T07:38:52","guid":{"rendered":"https:\/\/bryagroup.de\/fr\/?page_id=1333"},"modified":"2025-04-05T07:25:38","modified_gmt":"2025-04-05T07:25:38","slug":"made-for-germany-intro","status":"publish","type":"page","link":"https:\/\/bryagroup.de\/fr\/made-for-germany-intro\/","title":{"rendered":"Made For Germany Intro"},"content":{"rendered":"\t\t<div data-elementor-type=\"wp-page\" data-elementor-id=\"1333\" class=\"elementor elementor-1333\">\n\t\t\t\t<div class=\"elementor-element elementor-element-4b3f1fd e-con-full e-flex e-con e-parent\" data-id=\"4b3f1fd\" data-element_type=\"container\" data-e-type=\"container\">\n\t\t\t\t<div class=\"elementor-element elementor-element-cd58cd4 elementor-widget elementor-widget-image\" data-id=\"cd58cd4\" data-element_type=\"widget\" data-e-type=\"widget\" data-widget_type=\"image.default\">\n\t\t\t\t<div class=\"elementor-widget-container\">\n\t\t\t\t\t\t\t\t\t\t\t\t\t\t\t<img fetchpriority=\"high\" decoding=\"async\" width=\"2560\" height=\"640\" src=\"https:\/\/bryagroup.de\/fr\/wp-content\/uploads\/2025\/03\/Professional-LinkedIn-Banner-scaled.webp\" class=\"attachment-full size-full wp-image-1406\" alt=\"\" srcset=\"https:\/\/bryagroup.de\/fr\/wp-content\/uploads\/2025\/03\/Professional-LinkedIn-Banner-scaled.webp 2560w, https:\/\/bryagroup.de\/fr\/wp-content\/uploads\/2025\/03\/Professional-LinkedIn-Banner-1024x256.webp 1024w, https:\/\/bryagroup.de\/fr\/wp-content\/uploads\/2025\/03\/Professional-LinkedIn-Banner-768x192.webp 768w, https:\/\/bryagroup.de\/fr\/wp-content\/uploads\/2025\/03\/Professional-LinkedIn-Banner-600x150.webp 600w\" sizes=\"(max-width: 2560px) 100vw, 2560px\" \/>\t\t\t\t\t\t\t\t\t\t\t\t\t\t\t<\/div>\n\t\t\t\t<\/div>\n\t\t\t\t<\/div>\n\t\t<div class=\"elementor-element elementor-element-56f73c9 e-flex e-con-boxed e-con e-parent\" data-id=\"56f73c9\" data-element_type=\"container\" data-e-type=\"container\">\n\t\t\t\t\t<div class=\"e-con-inner\">\n\t\t<div class=\"elementor-element elementor-element-57126d8 e-con-full e-flex e-con e-child\" data-id=\"57126d8\" data-element_type=\"container\" data-e-type=\"container\">\n\t\t\t\t<\/div>\n\t\t<div class=\"elementor-element elementor-element-1d09583 e-con-full e-flex e-con e-child\" data-id=\"1d09583\" data-element_type=\"container\" data-e-type=\"container\">\n\t\t\t\t<div class=\"elementor-element elementor-element-5193a05 elementor-widget elementor-widget-text-editor\" data-id=\"5193a05\" data-element_type=\"widget\" data-e-type=\"widget\" data-widget_type=\"text-editor.default\">\n\t\t\t\t<div class=\"elementor-widget-container\">\n\t\t\t\t\t\t\t\t\t<h5 style=\"text-align: center;\"><span style=\"color: #000000;\">L\u00e0 o\u00f9 les individus sont impr\u00e9gn\u00e9s de valeurs, guid\u00e9s par la pr\u00e9cision et inspir\u00e9s pour cr\u00e9er un impact durable.<\/span><\/h5>\t\t\t\t\t\t\t\t<\/div>\n\t\t\t\t<\/div>\n\t\t\t\t<\/div>\n\t\t<div class=\"elementor-element elementor-element-1c4a8ca e-con-full e-flex e-con e-child\" data-id=\"1c4a8ca\" data-element_type=\"container\" data-e-type=\"container\">\n\t\t\t\t<\/div>\n\t\t\t\t\t<\/div>\n\t\t\t\t<\/div>\n\t\t<div class=\"elementor-element elementor-element-da0a892 e-con-full e-flex e-con e-parent\" data-id=\"da0a892\" data-element_type=\"container\" data-e-type=\"container\">\n\t\t<div class=\"elementor-element elementor-element-0ec867f e-con-full e-flex e-con e-child\" data-id=\"0ec867f\" data-element_type=\"container\" data-e-type=\"container\">\n\t\t\t\t<div class=\"elementor-element elementor-element-4a0be73 elementor-widget elementor-widget-image\" data-id=\"4a0be73\" data-element_type=\"widget\" data-e-type=\"widget\" data-widget_type=\"image.default\">\n\t\t\t\t<div class=\"elementor-widget-container\">\n\t\t\t\t\t\t\t\t\t\t\t\t\t\t\t<img decoding=\"async\" width=\"900\" height=\"905\" src=\"https:\/\/bryagroup.de\/fr\/wp-content\/uploads\/2025\/04\/made-for-gem-fr-1018x1024.webp\" class=\"attachment-large size-large wp-image-1699\" alt=\"\" srcset=\"https:\/\/bryagroup.de\/fr\/wp-content\/uploads\/2025\/04\/made-for-gem-fr-1018x1024.webp 1018w, https:\/\/bryagroup.de\/fr\/wp-content\/uploads\/2025\/04\/made-for-gem-fr-175x175.webp 175w, https:\/\/bryagroup.de\/fr\/wp-content\/uploads\/2025\/04\/made-for-gem-fr-768x773.webp 768w, https:\/\/bryagroup.de\/fr\/wp-content\/uploads\/2025\/04\/made-for-gem-fr-600x604.webp 600w, https:\/\/bryagroup.de\/fr\/wp-content\/uploads\/2025\/04\/made-for-gem-fr-180x180.webp 180w\" sizes=\"(max-width: 900px) 100vw, 900px\" \/>\t\t\t\t\t\t\t\t\t\t\t\t\t\t\t<\/div>\n\t\t\t\t<\/div>\n\t\t\t\t<\/div>\n\t\t<div class=\"elementor-element elementor-element-925b37a e-con-full e-flex e-con e-child\" data-id=\"925b37a\" data-element_type=\"container\" data-e-type=\"container\">\n\t\t\t\t<div class=\"elementor-element elementor-element-296d0be elementor-widget elementor-widget-image\" data-id=\"296d0be\" data-element_type=\"widget\" data-e-type=\"widget\" data-widget_type=\"image.default\">\n\t\t\t\t<div class=\"elementor-widget-container\">\n\t\t\t\t\t\t\t\t\t\t\t\t\t\t\t<img decoding=\"async\" src=\"https:\/\/bryagroup.de\/fr\/wp-content\/uploads\/elementor\/thumbs\/made-for-ger-r3gnudwpap0bjbp3kc0dynys29w6ibypsenotor8nq.png\" title=\"made-for-ger.png\" alt=\"made-for-ger.png\" loading=\"lazy\" \/>\t\t\t\t\t\t\t\t\t\t\t\t\t\t\t<\/div>\n\t\t\t\t<\/div>\n\t\t\t\t<div class=\"elementor-element elementor-element-1b0d554 elementor-widget elementor-widget-text-editor\" data-id=\"1b0d554\" data-element_type=\"widget\" data-e-type=\"widget\" data-widget_type=\"text-editor.default\">\n\t\t\t\t<div class=\"elementor-widget-container\">\n\t\t\t\t\t\t\t\t\t<p><span style=\"font-size: 14pt; color: #000000;\">Nous mettons en relation des professionnels qualifi\u00e9s du Maghreb avec des secteurs en demande en Allemagne via une plateforme multilingue aliment\u00e9e par l&#8217;IA. S&#8217;appuyant sur une base de donn\u00e9es de plus de 100 000 profils v\u00e9rifi\u00e9s, nous mettons en relation des talents avec des objectifs &#8211; rapidement, intelligemment et en toute s\u00e9curit\u00e9, en alliant l&#8217;efficacit\u00e9 allemande \u00e0 la r\u00e9silience nord-africaine.<\/span><\/p>\t\t\t\t\t\t\t\t<\/div>\n\t\t\t\t<\/div>\n\t\t\t\t<\/div>\n\t\t\t\t<\/div>\n\t\t\t\t<\/div>\n\t\t","protected":false},"excerpt":{"rendered":"<p>L\u00e0 o\u00f9 les individus sont impr\u00e9gn\u00e9s de valeurs, guid\u00e9s par la pr\u00e9cision et inspir\u00e9s pour cr\u00e9er un impact durable. Nous mettons en relation des professionnels qualifi\u00e9s du Maghreb avec des [&hellip;]<\/p>\n","protected":false},"author":1,"featured_media":0,"parent":0,"menu_order":0,"comment_status":"closed","ping_status":"closed","template":"","meta":{"footnotes":""},"class_list":["post-1333","page","type-page","status-publish","hentry"],"_links":{"self":[{"href":"https:\/\/bryagroup.de\/fr\/wp-json\/wp\/v2\/pages\/1333","targetHints":{"allow":["GET"]}}],"collection":[{"href":"https:\/\/bryagroup.de\/fr\/wp-json\/wp\/v2\/pages"}],"about":[{"href":"https:\/\/bryagroup.de\/fr\/wp-json\/wp\/v2\/types\/page"}],"author":[{"embeddable":true,"href":"https:\/\/bryagroup.de\/fr\/wp-json\/wp\/v2\/users\/1"}],"replies":[{"embeddable":true,"href":"https:\/\/bryagroup.de\/fr\/wp-json\/wp\/v2\/comments?post=1333"}],"version-history":[{"count":20,"href":"https:\/\/bryagroup.de\/fr\/wp-json\/wp\/v2\/pages\/1333\/revisions"}],"predecessor-version":[{"id":1707,"href":"https:\/\/bryagroup.de\/fr\/wp-json\/wp\/v2\/pages\/1333\/revisions\/1707"}],"wp:attachment":[{"href":"https:\/\/bryagroup.de\/fr\/wp-json\/wp\/v2\/media?parent=1333"}],"curies":[{"name":"wp","href":"https:\/\/api.w.org\/{rel}","templated":true}]}}