{"id":1332,"date":"2025-03-19T07:39:09","date_gmt":"2025-03-19T07:39:09","guid":{"rendered":"https:\/\/bryagroup.de\/fr\/?page_id=1332"},"modified":"2025-04-05T07:26:26","modified_gmt":"2025-04-05T07:26:26","slug":"procureme-intro","status":"publish","type":"page","link":"https:\/\/bryagroup.de\/fr\/procureme-intro\/","title":{"rendered":"ProcureMe Intro"},"content":{"rendered":"\t\t<div data-elementor-type=\"wp-page\" data-elementor-id=\"1332\" class=\"elementor elementor-1332\">\n\t\t\t\t<div class=\"elementor-element elementor-element-e353391 e-con-full e-flex e-con e-parent\" data-id=\"e353391\" data-element_type=\"container\" data-e-type=\"container\">\n\t\t\t\t<div class=\"elementor-element elementor-element-0136de1 elementor-widget elementor-widget-image\" data-id=\"0136de1\" data-element_type=\"widget\" data-e-type=\"widget\" data-widget_type=\"image.default\">\n\t\t\t\t<div class=\"elementor-widget-container\">\n\t\t\t\t\t\t\t\t\t\t\t\t\t\t\t<img fetchpriority=\"high\" decoding=\"async\" width=\"2560\" height=\"640\" src=\"https:\/\/bryagroup.de\/fr\/wp-content\/uploads\/2025\/03\/Professional-LinkedIn-Banner-scaled.webp\" class=\"attachment-full size-full wp-image-1406\" alt=\"\" srcset=\"https:\/\/bryagroup.de\/fr\/wp-content\/uploads\/2025\/03\/Professional-LinkedIn-Banner-scaled.webp 2560w, https:\/\/bryagroup.de\/fr\/wp-content\/uploads\/2025\/03\/Professional-LinkedIn-Banner-1024x256.webp 1024w, https:\/\/bryagroup.de\/fr\/wp-content\/uploads\/2025\/03\/Professional-LinkedIn-Banner-768x192.webp 768w, https:\/\/bryagroup.de\/fr\/wp-content\/uploads\/2025\/03\/Professional-LinkedIn-Banner-600x150.webp 600w\" sizes=\"(max-width: 2560px) 100vw, 2560px\" \/>\t\t\t\t\t\t\t\t\t\t\t\t\t\t\t<\/div>\n\t\t\t\t<\/div>\n\t\t\t\t<\/div>\n\t\t<div class=\"elementor-element elementor-element-56f73c9 e-flex e-con-boxed e-con e-parent\" data-id=\"56f73c9\" data-element_type=\"container\" data-e-type=\"container\">\n\t\t\t\t\t<div class=\"e-con-inner\">\n\t\t<div class=\"elementor-element elementor-element-57126d8 e-con-full e-flex e-con e-child\" data-id=\"57126d8\" data-element_type=\"container\" data-e-type=\"container\">\n\t\t\t\t<\/div>\n\t\t<div class=\"elementor-element elementor-element-1d09583 e-con-full e-flex e-con e-child\" data-id=\"1d09583\" data-element_type=\"container\" data-e-type=\"container\">\n\t\t\t\t<div class=\"elementor-element elementor-element-5193a05 elementor-widget elementor-widget-text-editor\" data-id=\"5193a05\" data-element_type=\"widget\" data-e-type=\"widget\" data-widget_type=\"text-editor.default\">\n\t\t\t\t<div class=\"elementor-widget-container\">\n\t\t\t\t\t\t\t\t\t<h5 style=\"text-align: center;\"><span style=\"color: #000000;\">C&#8217;est l\u00e0 que les produits sont lanc\u00e9s, que les strat\u00e9gies sont mises en \u0153uvre et que les entreprises prosp\u00e8rent.<\/span><\/h5>\t\t\t\t\t\t\t\t<\/div>\n\t\t\t\t<\/div>\n\t\t\t\t<\/div>\n\t\t<div class=\"elementor-element elementor-element-1c4a8ca e-con-full e-flex e-con e-child\" data-id=\"1c4a8ca\" data-element_type=\"container\" data-e-type=\"container\">\n\t\t\t\t<\/div>\n\t\t\t\t\t<\/div>\n\t\t\t\t<\/div>\n\t\t<div class=\"elementor-element elementor-element-dc54beb e-con-full e-flex e-con e-parent\" data-id=\"dc54beb\" data-element_type=\"container\" data-e-type=\"container\">\n\t\t<div class=\"elementor-element elementor-element-3991bfe e-con-full e-flex e-con e-child\" data-id=\"3991bfe\" data-element_type=\"container\" data-e-type=\"container\">\n\t\t\t\t<div class=\"elementor-element elementor-element-ceb7de5 elementor-widget elementor-widget-image\" data-id=\"ceb7de5\" data-element_type=\"widget\" data-e-type=\"widget\" data-widget_type=\"image.default\">\n\t\t\t\t<div class=\"elementor-widget-container\">\n\t\t\t\t\t\t\t\t\t\t\t\t\t\t\t<img decoding=\"async\" width=\"900\" height=\"904\" src=\"https:\/\/bryagroup.de\/fr\/wp-content\/uploads\/2025\/04\/produe-me-fr-1019x1024.webp\" class=\"attachment-large size-large wp-image-1701\" alt=\"\" srcset=\"https:\/\/bryagroup.de\/fr\/wp-content\/uploads\/2025\/04\/produe-me-fr-1019x1024.webp 1019w, https:\/\/bryagroup.de\/fr\/wp-content\/uploads\/2025\/04\/produe-me-fr-175x175.webp 175w, https:\/\/bryagroup.de\/fr\/wp-content\/uploads\/2025\/04\/produe-me-fr-768x771.webp 768w, https:\/\/bryagroup.de\/fr\/wp-content\/uploads\/2025\/04\/produe-me-fr-300x300.webp 300w, https:\/\/bryagroup.de\/fr\/wp-content\/uploads\/2025\/04\/produe-me-fr-600x603.webp 600w, https:\/\/bryagroup.de\/fr\/wp-content\/uploads\/2025\/04\/produe-me-fr-180x180.webp 180w\" sizes=\"(max-width: 900px) 100vw, 900px\" \/>\t\t\t\t\t\t\t\t\t\t\t\t\t\t\t<\/div>\n\t\t\t\t<\/div>\n\t\t\t\t<\/div>\n\t\t<div class=\"elementor-element elementor-element-38e53b9 e-con-full e-flex e-con e-child\" data-id=\"38e53b9\" data-element_type=\"container\" data-e-type=\"container\">\n\t\t\t\t<div class=\"elementor-element elementor-element-cc4b4e7 elementor-widget elementor-widget-image\" data-id=\"cc4b4e7\" data-element_type=\"widget\" data-e-type=\"widget\" data-widget_type=\"image.default\">\n\t\t\t\t<div class=\"elementor-widget-container\">\n\t\t\t\t\t\t\t\t\t\t\t\t\t\t\t<img decoding=\"async\" src=\"https:\/\/bryagroup.de\/fr\/wp-content\/uploads\/elementor\/thumbs\/procude-me-r3gnwx31pmh4ti0nrxf76iyhones8z0ogxxsdj01w6.png\" title=\"procude-me\" alt=\"procude-me\" loading=\"lazy\" \/>\t\t\t\t\t\t\t\t\t\t\t\t\t\t\t<\/div>\n\t\t\t\t<\/div>\n\t\t\t\t<div class=\"elementor-element elementor-element-ad1a34b elementor-widget elementor-widget-text-editor\" data-id=\"ad1a34b\" data-element_type=\"widget\" data-e-type=\"widget\" data-widget_type=\"text-editor.default\">\n\t\t\t\t<div class=\"elementor-widget-container\">\n\t\t\t\t\t\t\t\t\t<p><span style=\"font-size: 14pt; color: #000000;\">ProcureMe est plus qu&#8217;un cabinet de conseil en passation de march\u00e9s &#8211; c&#8217;est un catalyseur de la transformation \u00e9conomique en Alg\u00e9rie et dans la r\u00e9gion MENA, aliment\u00e9 par l&#8217;excellence allemande.<\/span><\/p><p><span style=\"font-size: 14pt; color: #000000;\">Dans un march\u00e9 mondial en \u00e9volution rapide, nous proposons un approvisionnement strat\u00e9gique, des n\u00e9gociations optimis\u00e9es et des partenariats avec les fournisseurs qui permettent d&#8217;\u00e9quilibrer les co\u00fbts, la qualit\u00e9 et la durabilit\u00e9. Notre mission ? Fa\u00e7onner un mod\u00e8le \u00ab Made-in-Germany \u00bb pour la r\u00e9gion et donner \u00e0 la prochaine g\u00e9n\u00e9ration d&#8217;innovateurs les outils, les connaissances et l&#8217;acc\u00e8s strat\u00e9gique dont ils ont besoin. <\/span><br \/><span style=\"font-size: 14pt; color: #000000;\">Approvisionnement professionnel. Inspirer l&#8217;esprit d&#8217;entreprise. Fa\u00e7onner l&#8217;avenir.<\/span><\/p>\t\t\t\t\t\t\t\t<\/div>\n\t\t\t\t<\/div>\n\t\t\t\t<\/div>\n\t\t\t\t<\/div>\n\t\t\t\t<\/div>\n\t\t","protected":false},"excerpt":{"rendered":"<p>C&#8217;est l\u00e0 que les produits sont lanc\u00e9s, que les strat\u00e9gies sont mises en \u0153uvre et que les entreprises prosp\u00e8rent. ProcureMe est plus qu&#8217;un cabinet de conseil en passation de march\u00e9s [&hellip;]<\/p>\n","protected":false},"author":1,"featured_media":0,"parent":0,"menu_order":0,"comment_status":"closed","ping_status":"closed","template":"","meta":{"footnotes":""},"class_list":["post-1332","page","type-page","status-publish","hentry"],"_links":{"self":[{"href":"https:\/\/bryagroup.de\/fr\/wp-json\/wp\/v2\/pages\/1332","targetHints":{"allow":["GET"]}}],"collection":[{"href":"https:\/\/bryagroup.de\/fr\/wp-json\/wp\/v2\/pages"}],"about":[{"href":"https:\/\/bryagroup.de\/fr\/wp-json\/wp\/v2\/types\/page"}],"author":[{"embeddable":true,"href":"https:\/\/bryagroup.de\/fr\/wp-json\/wp\/v2\/users\/1"}],"replies":[{"embeddable":true,"href":"https:\/\/bryagroup.de\/fr\/wp-json\/wp\/v2\/comments?post=1332"}],"version-history":[{"count":26,"href":"https:\/\/bryagroup.de\/fr\/wp-json\/wp\/v2\/pages\/1332\/revisions"}],"predecessor-version":[{"id":1710,"href":"https:\/\/bryagroup.de\/fr\/wp-json\/wp\/v2\/pages\/1332\/revisions\/1710"}],"wp:attachment":[{"href":"https:\/\/bryagroup.de\/fr\/wp-json\/wp\/v2\/media?parent=1332"}],"curies":[{"name":"wp","href":"https:\/\/api.w.org\/{rel}","templated":true}]}}