{"id":1317,"date":"2025-03-19T07:24:32","date_gmt":"2025-03-19T07:24:32","guid":{"rendered":"https:\/\/bryagroup.de\/fr\/?page_id=1317"},"modified":"2025-04-03T12:10:34","modified_gmt":"2025-04-03T12:10:34","slug":"our-vision","status":"publish","type":"page","link":"https:\/\/bryagroup.de\/fr\/our-vision\/","title":{"rendered":"Our Vision"},"content":{"rendered":"\t\t<div data-elementor-type=\"wp-page\" data-elementor-id=\"1317\" class=\"elementor elementor-1317\">\n\t\t\t\t<div class=\"elementor-element elementor-element-13e9c92 e-con-full e-flex e-con e-parent\" data-id=\"13e9c92\" data-element_type=\"container\" data-e-type=\"container\">\n\t\t\t\t<div class=\"elementor-element elementor-element-629a760 elementor-widget elementor-widget-image\" data-id=\"629a760\" data-element_type=\"widget\" data-e-type=\"widget\" data-widget_type=\"image.default\">\n\t\t\t\t<div class=\"elementor-widget-container\">\n\t\t\t\t\t\t\t\t\t\t\t\t\t\t\t<img fetchpriority=\"high\" decoding=\"async\" width=\"2560\" height=\"640\" src=\"https:\/\/bryagroup.de\/fr\/wp-content\/uploads\/2025\/03\/Professional-LinkedIn-Banner-scaled.webp\" class=\"attachment-full size-full wp-image-1406\" alt=\"\" srcset=\"https:\/\/bryagroup.de\/fr\/wp-content\/uploads\/2025\/03\/Professional-LinkedIn-Banner-scaled.webp 2560w, https:\/\/bryagroup.de\/fr\/wp-content\/uploads\/2025\/03\/Professional-LinkedIn-Banner-1024x256.webp 1024w, https:\/\/bryagroup.de\/fr\/wp-content\/uploads\/2025\/03\/Professional-LinkedIn-Banner-768x192.webp 768w, https:\/\/bryagroup.de\/fr\/wp-content\/uploads\/2025\/03\/Professional-LinkedIn-Banner-600x150.webp 600w\" sizes=\"(max-width: 2560px) 100vw, 2560px\" \/>\t\t\t\t\t\t\t\t\t\t\t\t\t\t\t<\/div>\n\t\t\t\t<\/div>\n\t\t\t\t<\/div>\n\t\t<div class=\"elementor-element elementor-element-56f73c9 e-flex e-con-boxed e-con e-parent\" data-id=\"56f73c9\" data-element_type=\"container\" data-e-type=\"container\">\n\t\t\t\t\t<div class=\"e-con-inner\">\n\t\t<div class=\"elementor-element elementor-element-57126d8 e-con-full e-flex e-con e-child\" data-id=\"57126d8\" data-element_type=\"container\" data-e-type=\"container\">\n\t\t\t\t<\/div>\n\t\t<div class=\"elementor-element elementor-element-1d09583 e-con-full e-flex e-con e-child\" data-id=\"1d09583\" data-element_type=\"container\" data-e-type=\"container\">\n\t\t\t\t<div class=\"elementor-element elementor-element-bcdb38d elementor-widget elementor-widget-gva-heading-block\" data-id=\"bcdb38d\" data-element_type=\"widget\" data-e-type=\"widget\" data-widget_type=\"gva-heading-block.default\">\n\t\t\t\t<div class=\"elementor-widget-container\">\n\t\t\t\t\t<div class=\"gva-element-gva-heading-block gva-element\">   <div class=\"align-center style-1 widget gsc-heading box-align-left auto-responsive\">\r\n      <div class=\"content-inner\">\r\n         \r\n                  \r\n           \r\n         \r\n                     <h2 class=\"title \">\r\n               <span>Notre vision - L'innovation pionni\u00e8re entre les continents<\/span>\r\n            <\/h2>\r\n                  \r\n         \r\n         \r\n      <\/div>\r\n   <\/div>\r\n<\/div>\t\t\t\t<\/div>\n\t\t\t\t<\/div>\n\t\t\t\t<div class=\"elementor-element elementor-element-5193a05 elementor-widget elementor-widget-text-editor\" data-id=\"5193a05\" data-element_type=\"widget\" data-e-type=\"widget\" data-widget_type=\"text-editor.default\">\n\t\t\t\t<div class=\"elementor-widget-container\">\n\t\t\t\t\t\t\t\t\t<h4><span style=\"color: #000000;\">Chers Visionnaires, Innovateurs et Partenaires,<\/span><\/h4><p><span style=\"color: #000000;\">Chez Brya Group, nous nous trouvons \u00e0 la crois\u00e9e des chemins de la transformation, reliant l&#8217;Europe et l&#8217;Afrique du Nord pour cr\u00e9er un nouveau mod\u00e8le d&#8217;innovation, de mobilit\u00e9 des talents et de croissance durable.<\/span><\/p><p><span style=\"color: #000000;\">Enracin\u00e9s dans la pr\u00e9cision allemande et la r\u00e9silience alg\u00e9rienne, nous construisons le corridor Berlin-Alger comme une rampe de lancement pour l&#8217;\u00e9volution \u00e9conomique. Notre mission est claire : autonomiser les talents, acc\u00e9l\u00e9rer les id\u00e9es audacieuses et lib\u00e9rer le plein potentiel de l&#8217;axe d&#8217;innovation Nord-Sud.<\/span><\/p><p><strong><span style=\"color: #000000;\">Nous ne r\u00e9pliquons pas la Silicon Valley, nous cr\u00e9ons quelque chose d&#8217;unique :<\/span><\/strong><\/p><ul><li><span style=\"color: #000000;\">Un groupe de r\u00e9flexion (Stars Valley) pour susciter des id\u00e9es qui fa\u00e7onnent les industries. <\/span><\/li><li><span style=\"color: #000000;\">Une plateforme de recrutement (Made For Germany) pour connecter les professionnels qualifi\u00e9s avec le march\u00e9 du travail allemand en \u00e9volution. <\/span><\/li><li><span style=\"color: #000000;\">Un bras de conseil (ProcureMe) pour guider les entreprises \u00e0 travers une croissance strat\u00e9gique et transfrontali\u00e8re.<\/span><\/li><li><span style=\"color: #000000;\">Ensemble, ces trois piliers forment un \u00e9cosyst\u00e8me dynamique d&#8217;opportunit\u00e9s, port\u00e9 par l&#8217;\u00e9thique, la collaboration et les strat\u00e9gies ax\u00e9es sur l&#8217;avenir.<\/span><\/li><li><span style=\"color: #000000;\">Rejoignez-nous pour cr\u00e9er une \u00e9conomie r\u00e9siliente, centr\u00e9e sur les personnes, o\u00f9 les entreprises prosp\u00e8rent et o\u00f9 l&#8217;innovation ne conna\u00eet pas de fronti\u00e8res.<\/span><\/li><\/ul><p><span style=\"color: #000000;\">Construisons demain, ensemble, d\u00e8s aujourd&#8217;hui.<\/span><\/p><p><span style=\"color: #000000;\">Avec d\u00e9termination et en partenariat,<br \/><\/span><span style=\"color: #000000;\"><strong>Noureddine Madoui \u2013 CEO<\/strong><\/span><br \/><span style=\"color: #000000;\"><strong>Nasr-eddine Benhamouda \u2013 COO<\/strong><\/span><\/p>\t\t\t\t\t\t\t\t<\/div>\n\t\t\t\t<\/div>\n\t\t\t\t<\/div>\n\t\t<div class=\"elementor-element elementor-element-1c4a8ca e-con-full e-flex e-con e-child\" data-id=\"1c4a8ca\" data-element_type=\"container\" data-e-type=\"container\">\n\t\t\t\t<\/div>\n\t\t\t\t\t<\/div>\n\t\t\t\t<\/div>\n\t\t\t\t<\/div>\n\t\t","protected":false},"excerpt":{"rendered":"<p>Notre vision &#8211; L&#8217;innovation pionni\u00e8re entre les continents Chers Visionnaires, Innovateurs et Partenaires, Chez Brya Group, nous nous trouvons \u00e0 la crois\u00e9e des chemins de la transformation, reliant l&#8217;Europe et [&hellip;]<\/p>\n","protected":false},"author":1,"featured_media":0,"parent":0,"menu_order":0,"comment_status":"closed","ping_status":"closed","template":"","meta":{"footnotes":""},"class_list":["post-1317","page","type-page","status-publish","hentry"],"_links":{"self":[{"href":"https:\/\/bryagroup.de\/fr\/wp-json\/wp\/v2\/pages\/1317","targetHints":{"allow":["GET"]}}],"collection":[{"href":"https:\/\/bryagroup.de\/fr\/wp-json\/wp\/v2\/pages"}],"about":[{"href":"https:\/\/bryagroup.de\/fr\/wp-json\/wp\/v2\/types\/page"}],"author":[{"embeddable":true,"href":"https:\/\/bryagroup.de\/fr\/wp-json\/wp\/v2\/users\/1"}],"replies":[{"embeddable":true,"href":"https:\/\/bryagroup.de\/fr\/wp-json\/wp\/v2\/comments?post=1317"}],"version-history":[{"count":25,"href":"https:\/\/bryagroup.de\/fr\/wp-json\/wp\/v2\/pages\/1317\/revisions"}],"predecessor-version":[{"id":1676,"href":"https:\/\/bryagroup.de\/fr\/wp-json\/wp\/v2\/pages\/1317\/revisions\/1676"}],"wp:attachment":[{"href":"https:\/\/bryagroup.de\/fr\/wp-json\/wp\/v2\/media?parent=1317"}],"curies":[{"name":"wp","href":"https:\/\/api.w.org\/{rel}","templated":true}]}}